{"id":11117,"date":"2016-08-16T16:09:31","date_gmt":"2016-08-16T14:09:31","guid":{"rendered":"http:\/\/fr.thierryseguin.com\/?page_id=11117"},"modified":"2022-02-03T02:46:49","modified_gmt":"2022-02-03T00:46:49","slug":"photos-didentite-versailles","status":"publish","type":"page","link":"https:\/\/thierryseguin.com\/fr\/photos-didentite-versailles\/","title":{"rendered":"Photo d&#8217;identit\u00e9 Versailles &#8211; Passeport, Permis, Visa Inde  USA, ID Chine passeport chinois &#8211; identit\u00e9 b\u00e9b\u00e9"},"content":{"rendered":"<h2 style=\"text-align: center;\"><span style=\"color: #ff0000;\">Nouveau !<\/span><\/h2>\n<h2 style=\"text-align: center;\"><a href=\"https:\/\/thierryseguin.com\/rdv\">Prenez RdV en ligne<\/a><\/h2>\n<hr \/>\n<h2><\/h2>\n<h2><strong>Photos d&#8217;identit\u00e9 officielles\u00a0aux <a href=\"https:\/\/www.service-public.fr\/particuliers\/vosdroits\/F10619\">normes fran\u00e7aises<\/a>\u00a0pr\u00e8s de Versailles pour\u00a0passeport, carte nationale d&#8217;identit\u00e9, carte vitale, permis de conduire et titres de s\u00e9jour pour les \u00e9trangers. <\/strong><\/h2>\n<h2><strong>Equip\u00e9 pour la <a href=\"https:\/\/photoidentite.simplybook.it\/v2\/#book\/service\/1\/\">photo d&#8217;identit\u00e9 b\u00e9b\u00e9 et photo d&#8217;identit\u00e9 nourrissons<\/a> en toute s\u00e9curit\u00e9 et avec r\u00e9sultat garanti. <\/strong><\/h2>\n<p><strong>Nota : je r\u00e9alise \u00e9galement les <a href=\"https:\/\/thierryseguin.com\/fr\/information-seance-photo-studio\">s\u00e9ances photos nouveau-n\u00e9, famille et grossesse<\/a>. Vous pourrez vous renseigner et consulter les albums photos de d\u00e9monstration.<\/strong><\/p>\n<p><a href=\"https:\/\/photoidentite.simplybook.it\/v2\/#book\/service\/1\/\"><img loading=\"lazy\" decoding=\"async\" class=\"alignleft\" src=\"https:\/\/thierryseguin.com\/fr\/wp-content\/uploads\/2018\/09\/photo-identit%C3%A9-de-b%C3%A9b%C3%A9-%C3%A0-Versailles.jpg\" alt=\"Photo d'identit\u00c3\u00a9 de b\u00c3\u00a9b\u00c3\u00a9 \u00c3\u00a0 Versailles\" width=\"400\" height=\"266\" \/><img loading=\"lazy\" decoding=\"async\" class=\"alignnone wp-image-12728 size-medium\" src=\"https:\/\/thierryseguin.com\/fr\/wp-content\/uploads\/2018\/08\/07-11117-page\/Photo-Identite-Versailles-normes-francaises-400x267.jpg\" alt=\"Photo Identit\u00e9 Versailles normes fran\u00e7aises\" width=\"400\" height=\"267\" srcset=\"https:\/\/thierryseguin.com\/fr\/wp-content\/uploads\/2018\/08\/07-11117-page\/Photo-Identite-Versailles-normes-francaises-400x267.jpg 400w, https:\/\/thierryseguin.com\/fr\/wp-content\/uploads\/2018\/08\/07-11117-page\/Photo-Identite-Versailles-normes-francaises-768x512.jpg 768w, https:\/\/thierryseguin.com\/fr\/wp-content\/uploads\/2018\/08\/07-11117-page\/Photo-Identite-Versailles-normes-francaises-1536x1024.jpg 1536w, https:\/\/thierryseguin.com\/fr\/wp-content\/uploads\/2018\/08\/07-11117-page\/Photo-Identite-Versailles-normes-francaises-555x370.jpg 555w, https:\/\/thierryseguin.com\/fr\/wp-content\/uploads\/2018\/08\/07-11117-page\/Photo-Identite-Versailles-normes-francaises.jpg 1920w\" sizes=\"auto, (max-width: 400px) 100vw, 400px\" \/><\/a><\/p>\n<h2>Photographe Agr\u00e9\u00e9 ANTS pour le recueil de la photo-signature (ou <a href=\"https:\/\/photoidentite.simplybook.it\/v2\/#book\/service\/2\/\">e-photographie d&#8217;identit\u00e9 d\u00e9mat\u00e9rialis\u00e9e)<\/a> comprenant le recueil de la signature (utilisable pour les demandes de permis de conduire en ligne)<\/h2>\n<p><a href=\"https:\/\/thierryseguin.com\/fr\/wp-content\/uploads\/2016\/08\/11-11117-page\/photographe-agree-ANTS-photo-didentite-dematerialisee.gif\"><img loading=\"lazy\" decoding=\"async\" class=\"alignleft wp-image-11163 size-medium\" src=\"https:\/\/thierryseguin.com\/fr\/wp-content\/uploads\/2016\/08\/11-11117-page\/photographe-agree-ANTS-photo-didentite-dematerialisee-400x262.gif\" alt=\"photographe agr\u00e9\u00e9 ANTS photo d'identit\u00e9 d\u00e9mat\u00e9rialis\u00e9e\" width=\"400\" height=\"262\" srcset=\"https:\/\/thierryseguin.com\/fr\/wp-content\/uploads\/2016\/08\/11-11117-page\/photographe-agree-ANTS-photo-didentite-dematerialisee-400x262.gif 400w, https:\/\/thierryseguin.com\/fr\/wp-content\/uploads\/2016\/08\/11-11117-page\/photographe-agree-ANTS-photo-didentite-dematerialisee-768x504.gif 768w\" sizes=\"auto, (max-width: 400px) 100vw, 400px\" \/><\/a><a href=\"https:\/\/photoidentite.simplybook.it\/v2\/#book\/service\/2\/\"><img loading=\"lazy\" decoding=\"async\" class=\"alignnone wp-image-12969 size-medium\" src=\"https:\/\/thierryseguin.com\/fr\/wp-content\/uploads\/2018\/12\/26-11117-page\/ephoto-identite-ANTS-Versailles-400x267.jpg\" alt=\"ephoto identit\u00e9 ANTS Versailles\" width=\"400\" height=\"267\" srcset=\"https:\/\/thierryseguin.com\/fr\/wp-content\/uploads\/2018\/12\/26-11117-page\/ephoto-identite-ANTS-Versailles-400x267.jpg 400w, https:\/\/thierryseguin.com\/fr\/wp-content\/uploads\/2018\/12\/26-11117-page\/ephoto-identite-ANTS-Versailles-768x512.jpg 768w, https:\/\/thierryseguin.com\/fr\/wp-content\/uploads\/2018\/12\/26-11117-page\/ephoto-identite-ANTS-Versailles-1536x1024.jpg 1536w, https:\/\/thierryseguin.com\/fr\/wp-content\/uploads\/2018\/12\/26-11117-page\/ephoto-identite-ANTS-Versailles-555x370.jpg 555w, https:\/\/thierryseguin.com\/fr\/wp-content\/uploads\/2018\/12\/26-11117-page\/ephoto-identite-ANTS-Versailles.jpg 1920w\" sizes=\"auto, (max-width: 400px) 100vw, 400px\" \/><\/a><\/p>\n<h2>Photos d&#8217;identit\u00e9 respectant d&#8217;autres normes : Photo 5&#215;5 fond blanc pour \u00a0<a href=\"https:\/\/photoidentite.simplybook.it\/v2\/#book\/service\/5\/\">visa USA ou visa indien, passeport isra\u00e9lien<\/a>, <a href=\"https:\/\/photoidentite.simplybook.it\/v2\/#book\/service\/6\/\">visa Hong-Kong 4&#215;5 fond blanc, passeport br\u00e9silien 5X7 fond clair, passeport canadien 5&#215;7 fond blanc<\/a>, ID <a href=\"https:\/\/photoidentite.simplybook.it\/v2\/#book\/service\/7\/\">Passeport Malaisien 35&#215;50 mm, Chinois 33x48mm fond blanc<\/a>,&#8230;<\/h2>\n<div id=\"attachment_11345\" style=\"width: 410px\" class=\"wp-caption alignleft\"><a href=\"https:\/\/photoidentite.simplybook.it\/v2\/#book\/service\/7\/\"><img loading=\"lazy\" decoding=\"async\" aria-describedby=\"caption-attachment-11345\" class=\"wp-image-11345 size-medium\" src=\"https:\/\/thierryseguin.com\/fr\/wp-content\/uploads\/2016\/08\/22-11117-page\/ID-Chine-passeport-chinois-400x267.jpg\" alt=\"planche photo d'identit\u00e9 chinoise ID passeport Chine\" width=\"400\" height=\"267\" srcset=\"https:\/\/thierryseguin.com\/fr\/wp-content\/uploads\/2016\/08\/22-11117-page\/ID-Chine-passeport-chinois-400x267.jpg 400w, https:\/\/thierryseguin.com\/fr\/wp-content\/uploads\/2016\/08\/22-11117-page\/ID-Chine-passeport-chinois-768x512.jpg 768w, https:\/\/thierryseguin.com\/fr\/wp-content\/uploads\/2016\/08\/22-11117-page\/ID-Chine-passeport-chinois.jpg 800w\" sizes=\"auto, (max-width: 400px) 100vw, 400px\" \/><\/a><p id=\"caption-attachment-11345\" class=\"wp-caption-text\">planche photo d&#8217;identit\u00e9 chinoise ID passeport Chine<\/p><\/div>\n<div id=\"attachment_12975\" style=\"width: 410px\" class=\"wp-caption alignleft\"><a href=\"https:\/\/photoidentite.simplybook.it\/v2\/#book\/service\/5\/\"><img loading=\"lazy\" decoding=\"async\" aria-describedby=\"caption-attachment-12975\" class=\"wp-image-12975 size-medium\" src=\"https:\/\/thierryseguin.com\/fr\/wp-content\/uploads\/2018\/12\/29-11117-page\/Planche-photo-identite-ID-US-Inde-Israel-Thierry-Seguin-Photographie-400x267.jpg\" alt=\"Planche photo identit\u00e9 ID US Inde Isra\u00ebl Thierry Seguin Photographie Versailles\" width=\"400\" height=\"267\" srcset=\"https:\/\/thierryseguin.com\/fr\/wp-content\/uploads\/2018\/12\/29-11117-page\/Planche-photo-identite-ID-US-Inde-Israel-Thierry-Seguin-Photographie-400x267.jpg 400w, https:\/\/thierryseguin.com\/fr\/wp-content\/uploads\/2018\/12\/29-11117-page\/Planche-photo-identite-ID-US-Inde-Israel-Thierry-Seguin-Photographie-768x512.jpg 768w, https:\/\/thierryseguin.com\/fr\/wp-content\/uploads\/2018\/12\/29-11117-page\/Planche-photo-identite-ID-US-Inde-Israel-Thierry-Seguin-Photographie-1536x1024.jpg 1536w, https:\/\/thierryseguin.com\/fr\/wp-content\/uploads\/2018\/12\/29-11117-page\/Planche-photo-identite-ID-US-Inde-Israel-Thierry-Seguin-Photographie-555x370.jpg 555w, https:\/\/thierryseguin.com\/fr\/wp-content\/uploads\/2018\/12\/29-11117-page\/Planche-photo-identite-ID-US-Inde-Israel-Thierry-Seguin-Photographie.jpg 1920w\" sizes=\"auto, (max-width: 400px) 100vw, 400px\" \/><\/a><p id=\"caption-attachment-12975\" class=\"wp-caption-text\">Photo d&#8217;identit\u00e9 USA, Inde , Isra\u00ebl<\/p><\/div>\n<p>&nbsp;<\/p>\n<div id=\"attachment_12731\" style=\"width: 410px\" class=\"wp-caption alignnone\"><a href=\"https:\/\/photoidentite.simplybook.it\/v2\/#book\/service\/6\/\"><img loading=\"lazy\" decoding=\"async\" aria-describedby=\"caption-attachment-12731\" class=\"wp-image-12731 size-medium\" src=\"https:\/\/thierryseguin.com\/fr\/wp-content\/uploads\/2018\/08\/07-11117-page\/Photo-Identite-Passeport-Canada-400x267.jpg\" alt=\"Photo Identit\u00e9 Passeport Canada\" width=\"400\" height=\"267\" srcset=\"https:\/\/thierryseguin.com\/fr\/wp-content\/uploads\/2018\/08\/07-11117-page\/Photo-Identite-Passeport-Canada-400x267.jpg 400w, https:\/\/thierryseguin.com\/fr\/wp-content\/uploads\/2018\/08\/07-11117-page\/Photo-Identite-Passeport-Canada-768x512.jpg 768w, https:\/\/thierryseguin.com\/fr\/wp-content\/uploads\/2018\/08\/07-11117-page\/Photo-Identite-Passeport-Canada-555x370.jpg 555w, https:\/\/thierryseguin.com\/fr\/wp-content\/uploads\/2018\/08\/07-11117-page\/Photo-Identite-Passeport-Canada.jpg 800w\" sizes=\"auto, (max-width: 400px) 100vw, 400px\" \/><\/a><p id=\"caption-attachment-12731\" class=\"wp-caption-text\">Photo Identit\u00e9 Passeport Canada<\/p><\/div>\n<h2><\/h2>\n<h2>Un service de qualit\u00e9<\/h2>\n<p>Si vous \u00eates pass\u00e9 dans une cabine photo, vous aurez peut-\u00eatre\u00a0trouv\u00e9\u00a0vos\u00a0photos d&#8217;identit\u00e9 peu flatteuses.<\/p>\n<p>En effet, la proximit\u00e9 de l&#8217;objectif d\u00e9forme le visage. De plus, pour les enfants et les b\u00e9b\u00e9s, c&#8217;est\u00a0souvent un vrai calvaire de leur faire regarder l&#8217;objectif bouche ferm\u00e9e, pour un r\u00e9sultat souvent refus\u00e9 : comme leur t\u00eate est plus petite que celle d&#8217;un adulte, sa dimension\u00a0sur le papier est souvent hors de la plage\u00a0requise, soit de\u00a032 \u00e0 36 millim\u00e8tres du bas du menton au sommet du cr\u00e2ne (hors chevelure).<\/p>\n<p>Optez pour la <strong>s\u00e9curit\u00e9<\/strong> : \u00a0toutes mes photos ont \u00e9t\u00e9 accept\u00e9es\u00a0depuis plusieurs ann\u00e9es. Si par malchance un refus advenait, je vous les referai gracieusement.<\/p>\n<p>De plus, en tant que portraitiste, je m&#8217;applique \u00e0 r\u00e9aliser des <strong>photos d&#8217;identit\u00e9 aux normes\u00a0<\/strong><strong>et <span style=\"text-decoration: underline;\">qui vous ressemble<\/span>.<\/strong><\/p>\n<p><strong><a href=\"https:\/\/thierryseguin.com\/rdv\">Prenez rdv en ligne<\/a> <\/strong>avant de passer : je peux \u00eatre indisponible plusieurs heures si je suis en s\u00e9ance photo en studio ou en ext\u00e9rieur. Vous pouvez \u00e9galement r\u00e9server un Portrait Express apr\u00e8s votre Identit\u00e9, ou vous renseigner sur nos s\u00e9ances photos et reportages.<\/p>\n<p>Je vous re\u00e7ois jusqu&#8217;\u00e0 21:00 g\u00e9n\u00e9ralement le jour m\u00eame,\u00a0y compris le lundi.<\/p>\n<p><strong>Une place de stationnement vous est r\u00e9serv\u00e9e juste devant le studio<\/strong>.<\/p>\n<h2><strong>Photos d&#8217;identit\u00e9 \u00e0\u00a0domicile, en maison de retraite ou m\u00e9dicalis\u00e9e, \u00e0 l\u2019h\u00f4pital ou au\u00a0travail.<\/strong><\/h2>\n<p>Je me d\u00e9place pour les personnes qui ne le peuvent pas. Frais de d\u00e9placement et d&#8217;exp\u00e9dition de la planche photo en sus. Le devis est \u00e9tabli lors de la prise de rdv. Pour les photos requises par les mandataires judiciaires \u00e0 la protection des majeurs, le paiement peut avoir lieu a posteriori sur facture accompagnant la planche photo.<\/p>\n<h2>Photos d&#8217;identit\u00e9 pour dossier scolaire, carte associative, carte de transport.<\/h2>\n<p>Si vous \u00eates autoris\u00e9s \u00e0 sourire, allez y\u00a0!<\/p>\n<p><a href=\"https:\/\/photoidentite.simplybook.it\/v2\/#book\/service\/1\/\"><img loading=\"lazy\" decoding=\"async\" class=\"aligncenter wp-image-10328 size-medium\" src=\"https:\/\/thierryseguin.com\/fr\/wp-content\/uploads\/2015\/08\/24-10324-post\/Photo-identite-400x267.jpg\" alt=\"Photos d'identit\u00e9 souriante\" width=\"400\" height=\"267\" srcset=\"https:\/\/thierryseguin.com\/fr\/wp-content\/uploads\/2015\/08\/24-10324-post\/Photo-identite-400x267.jpg 400w, https:\/\/thierryseguin.com\/fr\/wp-content\/uploads\/2015\/08\/24-10324-post\/Photo-identite.jpg 800w\" sizes=\"auto, (max-width: 400px) 100vw, 400px\" \/><\/a><\/p>\n<h3>\u00a0Photo d&#8217;identit\u00e9 &#8220;portrait professionnelle&#8221; pour CV, profil LinkedIn, Viadeo et autre r\u00e9seau social<\/h3>\n<p>On n&#8217;a pas plusieurs chances de faire une bonne premi\u00e8re impression. C&#8217;est pourquoi dans la recherche d&#8217;emploi ou de stage, il est important d&#8217;opter pour un portrait qui vous met en valeur et exprime vos qualit\u00e9s.<br \/>\nLa s\u00e9ance &#8220;<a href=\"https:\/\/thierryseguin.com\/fr\/portrait-de-valorisation-professionnel-profil-linkedin\">Portrait Professionnel<\/a>&#8221; a \u00e9t\u00e9 con\u00e7ue pour cela.<\/p>\n","protected":false},"excerpt":{"rendered":"<p>Nouveau ! Prenez RdV en ligne Photos d&#8217;identit\u00e9 officielles\u00a0aux normes fran\u00e7aises\u00a0pr\u00e8s de Versailles pour\u00a0passeport, carte nationale d&#8217;identit\u00e9, carte vitale, permis de conduire et titres de s\u00e9jour pour les \u00e9trangers. Equip\u00e9 pour la photo d&#8217;identit\u00e9 b\u00e9b\u00e9 et photo d&#8217;identit\u00e9 nourrissons en toute s\u00e9curit\u00e9 et avec r\u00e9sultat garanti. Nota : je r\u00e9alise \u00e9galement les s\u00e9ances photos nouveau-n\u00e9,...<\/p>\n","protected":false},"author":1,"featured_media":12969,"parent":0,"menu_order":0,"comment_status":"closed","ping_status":"closed","template":"","meta":{"pp_embeds":"","footnotes":""},"class_list":["post-11117","page","type-page","status-publish","has-post-thumbnail","hentry"],"yoast_head":"<!-- This site is optimized with the Yoast SEO plugin v27.5 - https:\/\/yoast.com\/product\/yoast-seo-wordpress\/ -->\n<title>Photo d&#039;identit\u00e9 Versailles - Passeport, Permis, Visa Inde USA, ID Chine passeport chinois - identit\u00e9 b\u00e9b\u00e9 -<\/title>\n<meta name=\"description\" content=\"Photo d&#039;identit\u00e9 officielle et e-photo-signature ANTS sur Versailles et environs, pour passeport, carte nationale d&#039;identit\u00e9, carte vitale, permis de conduire, titres de s\u00e9jour et normes USA, Inde, Canada, Chine pour Visa et passeports \u00e9trangers\" \/>\n<meta name=\"robots\" content=\"index, follow, max-snippet:-1, max-image-preview:large, max-video-preview:-1\" \/>\n<link rel=\"canonical\" href=\"https:\/\/thierryseguin.com\/fr\/photos-didentite-versailles\/\" \/>\n<meta property=\"og:locale\" content=\"fr_FR\" \/>\n<meta property=\"og:type\" content=\"article\" \/>\n<meta property=\"og:title\" content=\"Photo d&#039;identit\u00e9 Versailles - Passeport, Permis, Visa Inde USA, ID Chine passeport chinois - identit\u00e9 b\u00e9b\u00e9 -\" \/>\n<meta property=\"og:description\" content=\"Photo d&#039;identit\u00e9 officielle et e-photo-signature ANTS sur Versailles et environs, pour passeport, carte nationale d&#039;identit\u00e9, carte vitale, permis de conduire, titres de s\u00e9jour et normes USA, Inde, Canada, Chine pour Visa et passeports \u00e9trangers\" \/>\n<meta property=\"og:url\" content=\"https:\/\/thierryseguin.com\/fr\/photos-didentite-versailles\/\" \/>\n<meta property=\"og:site_name\" content=\"Thierry Seguin Photographie\" \/>\n<meta property=\"article:publisher\" content=\"https:\/\/www.facebook.com\/ThierrySeguinPhotographie\" \/>\n<meta property=\"article:modified_time\" content=\"2022-02-03T00:46:49+00:00\" \/>\n<meta property=\"og:image\" content=\"https:\/\/thierryseguin.com\/fr\/wp-content\/uploads\/2018\/12\/26-11117-page\/ephoto-identite-ANTS-Versailles.jpg\" \/>\n\t<meta property=\"og:image:width\" content=\"1920\" \/>\n\t<meta property=\"og:image:height\" content=\"1280\" \/>\n\t<meta property=\"og:image:type\" content=\"image\/jpeg\" \/>\n<meta name=\"twitter:card\" content=\"summary_large_image\" \/>\n<meta name=\"twitter:site\" content=\"@thierry_seguin\" \/>\n<meta name=\"twitter:label1\" content=\"Dur\u00e9e de lecture estim\u00e9e\" \/>\n\t<meta name=\"twitter:data1\" content=\"5 minutes\" \/>\n<script type=\"application\/ld+json\" class=\"yoast-schema-graph\">{\"@context\":\"https:\\\/\\\/schema.org\",\"@graph\":[{\"@type\":\"WebPage\",\"@id\":\"https:\\\/\\\/thierryseguin.com\\\/fr\\\/photos-didentite-versailles\\\/\",\"url\":\"https:\\\/\\\/thierryseguin.com\\\/fr\\\/photos-didentite-versailles\\\/\",\"name\":\"Photo d'identit\u00e9 Versailles - Passeport, Permis, Visa Inde USA, ID Chine passeport chinois - identit\u00e9 b\u00e9b\u00e9 -\",\"isPartOf\":{\"@id\":\"https:\\\/\\\/thierryseguin.com\\\/fr\\\/#website\"},\"primaryImageOfPage\":{\"@id\":\"https:\\\/\\\/thierryseguin.com\\\/fr\\\/photos-didentite-versailles\\\/#primaryimage\"},\"image\":{\"@id\":\"https:\\\/\\\/thierryseguin.com\\\/fr\\\/photos-didentite-versailles\\\/#primaryimage\"},\"thumbnailUrl\":\"https:\\\/\\\/thierryseguin.com\\\/fr\\\/wp-content\\\/uploads\\\/2018\\\/12\\\/26-11117-page\\\/ephoto-identite-ANTS-Versailles.jpg\",\"datePublished\":\"2016-08-16T14:09:31+00:00\",\"dateModified\":\"2022-02-03T00:46:49+00:00\",\"description\":\"Photo d'identit\u00e9 officielle et e-photo-signature ANTS sur Versailles et environs, pour passeport, carte nationale d'identit\u00e9, carte vitale, permis de conduire, titres de s\u00e9jour et normes USA, Inde, Canada, Chine pour Visa et passeports \u00e9trangers\",\"breadcrumb\":{\"@id\":\"https:\\\/\\\/thierryseguin.com\\\/fr\\\/photos-didentite-versailles\\\/#breadcrumb\"},\"inLanguage\":\"fr-FR\",\"potentialAction\":[{\"@type\":\"ReadAction\",\"target\":[\"https:\\\/\\\/thierryseguin.com\\\/fr\\\/photos-didentite-versailles\\\/\"]}]},{\"@type\":\"ImageObject\",\"inLanguage\":\"fr-FR\",\"@id\":\"https:\\\/\\\/thierryseguin.com\\\/fr\\\/photos-didentite-versailles\\\/#primaryimage\",\"url\":\"https:\\\/\\\/thierryseguin.com\\\/fr\\\/wp-content\\\/uploads\\\/2018\\\/12\\\/26-11117-page\\\/ephoto-identite-ANTS-Versailles.jpg\",\"contentUrl\":\"https:\\\/\\\/thierryseguin.com\\\/fr\\\/wp-content\\\/uploads\\\/2018\\\/12\\\/26-11117-page\\\/ephoto-identite-ANTS-Versailles.jpg\",\"width\":1920,\"height\":1280,\"caption\":\"ephoto identit\u00e9 ANTS Versailles\"},{\"@type\":\"BreadcrumbList\",\"@id\":\"https:\\\/\\\/thierryseguin.com\\\/fr\\\/photos-didentite-versailles\\\/#breadcrumb\",\"itemListElement\":[{\"@type\":\"ListItem\",\"position\":1,\"name\":\"Accueil\",\"item\":\"https:\\\/\\\/thierryseguin.com\\\/fr\\\/\"},{\"@type\":\"ListItem\",\"position\":2,\"name\":\"Photo d&#8217;identit\u00e9 Versailles &#8211; Passeport, Permis, Visa Inde USA, ID Chine passeport chinois &#8211; identit\u00e9 b\u00e9b\u00e9\"}]},{\"@type\":\"WebSite\",\"@id\":\"https:\\\/\\\/thierryseguin.com\\\/fr\\\/#website\",\"url\":\"https:\\\/\\\/thierryseguin.com\\\/fr\\\/\",\"name\":\"Thierry Seguin Photographie\",\"description\":\"Photographe de Portrait de Famille, Grossesse, B\u00e9b\u00e9s, Mariage\",\"potentialAction\":[{\"@type\":\"SearchAction\",\"target\":{\"@type\":\"EntryPoint\",\"urlTemplate\":\"https:\\\/\\\/thierryseguin.com\\\/fr\\\/?s={search_term_string}\"},\"query-input\":{\"@type\":\"PropertyValueSpecification\",\"valueRequired\":true,\"valueName\":\"search_term_string\"}}],\"inLanguage\":\"fr-FR\"}]}<\/script>\n<!-- \/ Yoast SEO plugin. -->","yoast_head_json":{"title":"Photo d'identit\u00e9 Versailles - Passeport, Permis, Visa Inde USA, ID Chine passeport chinois - identit\u00e9 b\u00e9b\u00e9 -","description":"Photo d'identit\u00e9 officielle et e-photo-signature ANTS sur Versailles et environs, pour passeport, carte nationale d'identit\u00e9, carte vitale, permis de conduire, titres de s\u00e9jour et normes USA, Inde, Canada, Chine pour Visa et passeports \u00e9trangers","robots":{"index":"index","follow":"follow","max-snippet":"max-snippet:-1","max-image-preview":"max-image-preview:large","max-video-preview":"max-video-preview:-1"},"canonical":"https:\/\/thierryseguin.com\/fr\/photos-didentite-versailles\/","og_locale":"fr_FR","og_type":"article","og_title":"Photo d'identit\u00e9 Versailles - Passeport, Permis, Visa Inde USA, ID Chine passeport chinois - identit\u00e9 b\u00e9b\u00e9 -","og_description":"Photo d'identit\u00e9 officielle et e-photo-signature ANTS sur Versailles et environs, pour passeport, carte nationale d'identit\u00e9, carte vitale, permis de conduire, titres de s\u00e9jour et normes USA, Inde, Canada, Chine pour Visa et passeports \u00e9trangers","og_url":"https:\/\/thierryseguin.com\/fr\/photos-didentite-versailles\/","og_site_name":"Thierry Seguin Photographie","article_publisher":"https:\/\/www.facebook.com\/ThierrySeguinPhotographie","article_modified_time":"2022-02-03T00:46:49+00:00","og_image":[{"width":1920,"height":1280,"url":"https:\/\/thierryseguin.com\/fr\/wp-content\/uploads\/2018\/12\/26-11117-page\/ephoto-identite-ANTS-Versailles.jpg","type":"image\/jpeg"}],"twitter_card":"summary_large_image","twitter_site":"@thierry_seguin","twitter_misc":{"Dur\u00e9e de lecture estim\u00e9e":"5 minutes"},"schema":{"@context":"https:\/\/schema.org","@graph":[{"@type":"WebPage","@id":"https:\/\/thierryseguin.com\/fr\/photos-didentite-versailles\/","url":"https:\/\/thierryseguin.com\/fr\/photos-didentite-versailles\/","name":"Photo d'identit\u00e9 Versailles - Passeport, Permis, Visa Inde USA, ID Chine passeport chinois - identit\u00e9 b\u00e9b\u00e9 -","isPartOf":{"@id":"https:\/\/thierryseguin.com\/fr\/#website"},"primaryImageOfPage":{"@id":"https:\/\/thierryseguin.com\/fr\/photos-didentite-versailles\/#primaryimage"},"image":{"@id":"https:\/\/thierryseguin.com\/fr\/photos-didentite-versailles\/#primaryimage"},"thumbnailUrl":"https:\/\/thierryseguin.com\/fr\/wp-content\/uploads\/2018\/12\/26-11117-page\/ephoto-identite-ANTS-Versailles.jpg","datePublished":"2016-08-16T14:09:31+00:00","dateModified":"2022-02-03T00:46:49+00:00","description":"Photo d'identit\u00e9 officielle et e-photo-signature ANTS sur Versailles et environs, pour passeport, carte nationale d'identit\u00e9, carte vitale, permis de conduire, titres de s\u00e9jour et normes USA, Inde, Canada, Chine pour Visa et passeports \u00e9trangers","breadcrumb":{"@id":"https:\/\/thierryseguin.com\/fr\/photos-didentite-versailles\/#breadcrumb"},"inLanguage":"fr-FR","potentialAction":[{"@type":"ReadAction","target":["https:\/\/thierryseguin.com\/fr\/photos-didentite-versailles\/"]}]},{"@type":"ImageObject","inLanguage":"fr-FR","@id":"https:\/\/thierryseguin.com\/fr\/photos-didentite-versailles\/#primaryimage","url":"https:\/\/thierryseguin.com\/fr\/wp-content\/uploads\/2018\/12\/26-11117-page\/ephoto-identite-ANTS-Versailles.jpg","contentUrl":"https:\/\/thierryseguin.com\/fr\/wp-content\/uploads\/2018\/12\/26-11117-page\/ephoto-identite-ANTS-Versailles.jpg","width":1920,"height":1280,"caption":"ephoto identit\u00e9 ANTS Versailles"},{"@type":"BreadcrumbList","@id":"https:\/\/thierryseguin.com\/fr\/photos-didentite-versailles\/#breadcrumb","itemListElement":[{"@type":"ListItem","position":1,"name":"Accueil","item":"https:\/\/thierryseguin.com\/fr\/"},{"@type":"ListItem","position":2,"name":"Photo d&#8217;identit\u00e9 Versailles &#8211; Passeport, Permis, Visa Inde USA, ID Chine passeport chinois &#8211; identit\u00e9 b\u00e9b\u00e9"}]},{"@type":"WebSite","@id":"https:\/\/thierryseguin.com\/fr\/#website","url":"https:\/\/thierryseguin.com\/fr\/","name":"Thierry Seguin Photographie","description":"Photographe de Portrait de Famille, Grossesse, B\u00e9b\u00e9s, Mariage","potentialAction":[{"@type":"SearchAction","target":{"@type":"EntryPoint","urlTemplate":"https:\/\/thierryseguin.com\/fr\/?s={search_term_string}"},"query-input":{"@type":"PropertyValueSpecification","valueRequired":true,"valueName":"search_term_string"}}],"inLanguage":"fr-FR"}]}},"_links":{"self":[{"href":"https:\/\/thierryseguin.com\/fr\/wp-json\/wp\/v2\/pages\/11117","targetHints":{"allow":["GET"]}}],"collection":[{"href":"https:\/\/thierryseguin.com\/fr\/wp-json\/wp\/v2\/pages"}],"about":[{"href":"https:\/\/thierryseguin.com\/fr\/wp-json\/wp\/v2\/types\/page"}],"author":[{"embeddable":true,"href":"https:\/\/thierryseguin.com\/fr\/wp-json\/wp\/v2\/users\/1"}],"replies":[{"embeddable":true,"href":"https:\/\/thierryseguin.com\/fr\/wp-json\/wp\/v2\/comments?post=11117"}],"version-history":[{"count":36,"href":"https:\/\/thierryseguin.com\/fr\/wp-json\/wp\/v2\/pages\/11117\/revisions"}],"predecessor-version":[{"id":24419,"href":"https:\/\/thierryseguin.com\/fr\/wp-json\/wp\/v2\/pages\/11117\/revisions\/24419"}],"wp:featuredmedia":[{"embeddable":true,"href":"https:\/\/thierryseguin.com\/fr\/wp-json\/wp\/v2\/media\/12969"}],"wp:attachment":[{"href":"https:\/\/thierryseguin.com\/fr\/wp-json\/wp\/v2\/media?parent=11117"}],"curies":[{"name":"wp","href":"https:\/\/api.w.org\/{rel}","templated":true}]}}