{"id":11143,"date":"2016-08-16T23:49:01","date_gmt":"2016-08-16T21:49:01","guid":{"rendered":"http:\/\/fr.thierryseguin.com\/?page_id=11143"},"modified":"2022-02-11T23:20:26","modified_gmt":"2022-02-11T21:20:26","slug":"offrir-shooting-photo-studio","status":"publish","type":"page","link":"https:\/\/thierryseguin.com\/fr\/offrir-shooting-photo-studio\/","title":{"rendered":"Offrir un shooting photo en studio"},"content":{"rendered":"<p style=\"text-align: center;\">Vous cherchez une id\u00e9e originale de cadeau? Offrez une s\u00e9ance photo !!!<\/p>\n<p style=\"text-align: center;\"><a href=\"https:\/\/thierryseguin.com\/fr\/wc_categorie-produit\/bc\/\"><img loading=\"lazy\" decoding=\"async\" class=\"aligncenter size-full wp-image-16278\" src=\"https:\/\/thierryseguin.com\/fr\/wp-content\/uploads\/2019\/12\/19-11143-page\/Acheter-bon-cadeau-seance-photo.png\" alt=\"Acheter bon cadeau s\u00e9ance photo\" width=\"440\" height=\"70\" srcset=\"https:\/\/thierryseguin.com\/fr\/wp-content\/uploads\/2019\/12\/19-11143-page\/Acheter-bon-cadeau-seance-photo.png 440w, https:\/\/thierryseguin.com\/fr\/wp-content\/uploads\/2019\/12\/19-11143-page\/Acheter-bon-cadeau-seance-photo-400x64.png 400w\" sizes=\"auto, (max-width: 440px) 100vw, 440px\" \/><\/a><\/p>\n<p style=\"text-align: center;\">Je vous l&#8217;envoie par email. Id\u00e9al pour un cadeau de derni\u00e8re minute !<\/p>\n<p style=\"text-align: center;\">Les ch\u00e8ques cadeaux shooting photo sont id\u00e9als pour les occasions suivantes :<\/p>\n<p style=\"text-align: center;\"><strong>Baby Shower :<\/strong> offrez lui une s\u00e9ance photo de grossesse et une s\u00e9ance photo de naissance.<br \/>\n<strong>Saint-Valentin, anniversaire, No\u00ebl :<\/strong> offrez un shooting photo en solo, \u00e0 deux ou en famille.<br \/>\n<strong>Liste de naissance, liste de mariage, liste de d\u00e9part<\/strong> : Mes chques cadeaux peuvent \u00eatre ajout\u00e9s \u00e0 un grand nombre de sites gestionnaire de listes<\/p>\n<p>&nbsp;<\/p>\n<p style=\"text-align: center;\"><a href=\"https:\/\/thierryseguin.com\/fr\/me-contacter\/\">Contactez\u00a0moi<\/a> si vous souhaitez des conseils sur la formule la plus adapt\u00e9e \u00e0 votre souhait et votre budget, ou la fa\u00e7on d&#8217;inscrire les ch\u00e8ques cadeaux sur une liste.<\/p>\n<p><a href=\"https:\/\/thierryseguin.com\/fr\/wc_categorie-produit\/bc\/\"><img loading=\"lazy\" decoding=\"async\" class=\"aligncenter size-full wp-image-16286\" src=\"https:\/\/thierryseguin.com\/fr\/wp-content\/uploads\/2019\/12\/19-11143-page\/cadeau-500.png\" alt=\"Bon cadeau s\u00e9ance photo\" width=\"500\" height=\"500\" srcset=\"https:\/\/thierryseguin.com\/fr\/wp-content\/uploads\/2019\/12\/19-11143-page\/cadeau-500.png 500w, https:\/\/thierryseguin.com\/fr\/wp-content\/uploads\/2019\/12\/19-11143-page\/cadeau-500-400x400.png 400w, https:\/\/thierryseguin.com\/fr\/wp-content\/uploads\/2019\/12\/19-11143-page\/cadeau-500-150x150.png 150w, https:\/\/thierryseguin.com\/fr\/wp-content\/uploads\/2019\/12\/19-11143-page\/cadeau-500-144x144.png 144w, https:\/\/thierryseguin.com\/fr\/wp-content\/uploads\/2019\/12\/19-11143-page\/cadeau-500-100x100.png 100w\" sizes=\"auto, (max-width: 500px) 100vw, 500px\" \/><\/a><\/p>\n","protected":false},"excerpt":{"rendered":"<p>Vous cherchez une id\u00e9e originale de cadeau? Offrez une s\u00e9ance photo !!! Je vous l&#8217;envoie par email. Id\u00e9al pour un cadeau de derni\u00e8re minute ! Les ch\u00e8ques cadeaux shooting photo sont id\u00e9als pour les occasions suivantes : Baby Shower : offrez lui une s\u00e9ance photo de grossesse et une s\u00e9ance photo de naissance. Saint-Valentin, anniversaire,...<\/p>\n","protected":false},"author":1,"featured_media":16286,"parent":0,"menu_order":0,"comment_status":"closed","ping_status":"closed","template":"","meta":{"pp_embeds":"","footnotes":""},"class_list":["post-11143","page","type-page","status-publish","has-post-thumbnail","hentry"],"yoast_head":"<!-- This site is optimized with the Yoast SEO plugin v27.4 - https:\/\/yoast.com\/product\/yoast-seo-wordpress\/ -->\n<title>Offrir un shooting photo en studio -<\/title>\n<meta name=\"description\" content=\"Offrir un shooting photo en studio. Offrez un bon cadeau pour une s\u00e9ance photo en studio avec livre-album, agrandissement, etc...\" \/>\n<meta name=\"robots\" content=\"index, follow, max-snippet:-1, max-image-preview:large, max-video-preview:-1\" \/>\n<link rel=\"canonical\" href=\"https:\/\/thierryseguin.com\/fr\/offrir-shooting-photo-studio\/\" \/>\n<meta property=\"og:locale\" content=\"fr_FR\" \/>\n<meta property=\"og:type\" content=\"article\" \/>\n<meta property=\"og:title\" content=\"Offrir un shooting photo en studio -\" \/>\n<meta property=\"og:description\" content=\"Offrir un shooting photo en studio. Offrez un bon cadeau pour une s\u00e9ance photo en studio avec livre-album, agrandissement, etc...\" \/>\n<meta property=\"og:url\" content=\"https:\/\/thierryseguin.com\/fr\/offrir-shooting-photo-studio\/\" \/>\n<meta property=\"og:site_name\" content=\"Thierry Seguin Photographie\" \/>\n<meta property=\"article:publisher\" content=\"https:\/\/www.facebook.com\/ThierrySeguinPhotographie\" \/>\n<meta property=\"article:modified_time\" content=\"2022-02-11T21:20:26+00:00\" \/>\n<meta property=\"og:image\" content=\"https:\/\/thierryseguin.com\/fr\/wp-content\/uploads\/2019\/12\/19-11143-page\/cadeau-500.png\" \/>\n\t<meta property=\"og:image:width\" content=\"500\" \/>\n\t<meta property=\"og:image:height\" content=\"500\" \/>\n\t<meta property=\"og:image:type\" content=\"image\/png\" \/>\n<meta name=\"twitter:card\" content=\"summary_large_image\" \/>\n<meta name=\"twitter:site\" content=\"@thierry_seguin\" \/>\n<meta name=\"twitter:label1\" content=\"Dur\u00e9e de lecture estim\u00e9e\" \/>\n\t<meta name=\"twitter:data1\" content=\"1 minute\" \/>\n<script type=\"application\/ld+json\" class=\"yoast-schema-graph\">{\"@context\":\"https:\\\/\\\/schema.org\",\"@graph\":[{\"@type\":\"WebPage\",\"@id\":\"https:\\\/\\\/thierryseguin.com\\\/fr\\\/offrir-shooting-photo-studio\\\/\",\"url\":\"https:\\\/\\\/thierryseguin.com\\\/fr\\\/offrir-shooting-photo-studio\\\/\",\"name\":\"Offrir un shooting photo en studio -\",\"isPartOf\":{\"@id\":\"https:\\\/\\\/thierryseguin.com\\\/fr\\\/#website\"},\"primaryImageOfPage\":{\"@id\":\"https:\\\/\\\/thierryseguin.com\\\/fr\\\/offrir-shooting-photo-studio\\\/#primaryimage\"},\"image\":{\"@id\":\"https:\\\/\\\/thierryseguin.com\\\/fr\\\/offrir-shooting-photo-studio\\\/#primaryimage\"},\"thumbnailUrl\":\"https:\\\/\\\/thierryseguin.com\\\/fr\\\/wp-content\\\/uploads\\\/2019\\\/12\\\/19-11143-page\\\/cadeau-500.png\",\"datePublished\":\"2016-08-16T21:49:01+00:00\",\"dateModified\":\"2022-02-11T21:20:26+00:00\",\"description\":\"Offrir un shooting photo en studio. Offrez un bon cadeau pour une s\u00e9ance photo en studio avec livre-album, agrandissement, etc...\",\"breadcrumb\":{\"@id\":\"https:\\\/\\\/thierryseguin.com\\\/fr\\\/offrir-shooting-photo-studio\\\/#breadcrumb\"},\"inLanguage\":\"fr-FR\",\"potentialAction\":[{\"@type\":\"ReadAction\",\"target\":[\"https:\\\/\\\/thierryseguin.com\\\/fr\\\/offrir-shooting-photo-studio\\\/\"]}]},{\"@type\":\"ImageObject\",\"inLanguage\":\"fr-FR\",\"@id\":\"https:\\\/\\\/thierryseguin.com\\\/fr\\\/offrir-shooting-photo-studio\\\/#primaryimage\",\"url\":\"https:\\\/\\\/thierryseguin.com\\\/fr\\\/wp-content\\\/uploads\\\/2019\\\/12\\\/19-11143-page\\\/cadeau-500.png\",\"contentUrl\":\"https:\\\/\\\/thierryseguin.com\\\/fr\\\/wp-content\\\/uploads\\\/2019\\\/12\\\/19-11143-page\\\/cadeau-500.png\",\"width\":500,\"height\":500,\"caption\":\"Bon cadeau s\u00e9ance photo\"},{\"@type\":\"BreadcrumbList\",\"@id\":\"https:\\\/\\\/thierryseguin.com\\\/fr\\\/offrir-shooting-photo-studio\\\/#breadcrumb\",\"itemListElement\":[{\"@type\":\"ListItem\",\"position\":1,\"name\":\"Accueil\",\"item\":\"https:\\\/\\\/thierryseguin.com\\\/fr\\\/\"},{\"@type\":\"ListItem\",\"position\":2,\"name\":\"Offrir un shooting photo en studio\"}]},{\"@type\":\"WebSite\",\"@id\":\"https:\\\/\\\/thierryseguin.com\\\/fr\\\/#website\",\"url\":\"https:\\\/\\\/thierryseguin.com\\\/fr\\\/\",\"name\":\"Thierry Seguin Photographie\",\"description\":\"Photographe de Portrait de Famille, Grossesse, B\u00e9b\u00e9s, Mariage\",\"potentialAction\":[{\"@type\":\"SearchAction\",\"target\":{\"@type\":\"EntryPoint\",\"urlTemplate\":\"https:\\\/\\\/thierryseguin.com\\\/fr\\\/?s={search_term_string}\"},\"query-input\":{\"@type\":\"PropertyValueSpecification\",\"valueRequired\":true,\"valueName\":\"search_term_string\"}}],\"inLanguage\":\"fr-FR\"}]}<\/script>\n<!-- \/ Yoast SEO plugin. -->","yoast_head_json":{"title":"Offrir un shooting photo en studio -","description":"Offrir un shooting photo en studio. Offrez un bon cadeau pour une s\u00e9ance photo en studio avec livre-album, agrandissement, etc...","robots":{"index":"index","follow":"follow","max-snippet":"max-snippet:-1","max-image-preview":"max-image-preview:large","max-video-preview":"max-video-preview:-1"},"canonical":"https:\/\/thierryseguin.com\/fr\/offrir-shooting-photo-studio\/","og_locale":"fr_FR","og_type":"article","og_title":"Offrir un shooting photo en studio -","og_description":"Offrir un shooting photo en studio. Offrez un bon cadeau pour une s\u00e9ance photo en studio avec livre-album, agrandissement, etc...","og_url":"https:\/\/thierryseguin.com\/fr\/offrir-shooting-photo-studio\/","og_site_name":"Thierry Seguin Photographie","article_publisher":"https:\/\/www.facebook.com\/ThierrySeguinPhotographie","article_modified_time":"2022-02-11T21:20:26+00:00","og_image":[{"width":500,"height":500,"url":"https:\/\/thierryseguin.com\/fr\/wp-content\/uploads\/2019\/12\/19-11143-page\/cadeau-500.png","type":"image\/png"}],"twitter_card":"summary_large_image","twitter_site":"@thierry_seguin","twitter_misc":{"Dur\u00e9e de lecture estim\u00e9e":"1 minute"},"schema":{"@context":"https:\/\/schema.org","@graph":[{"@type":"WebPage","@id":"https:\/\/thierryseguin.com\/fr\/offrir-shooting-photo-studio\/","url":"https:\/\/thierryseguin.com\/fr\/offrir-shooting-photo-studio\/","name":"Offrir un shooting photo en studio -","isPartOf":{"@id":"https:\/\/thierryseguin.com\/fr\/#website"},"primaryImageOfPage":{"@id":"https:\/\/thierryseguin.com\/fr\/offrir-shooting-photo-studio\/#primaryimage"},"image":{"@id":"https:\/\/thierryseguin.com\/fr\/offrir-shooting-photo-studio\/#primaryimage"},"thumbnailUrl":"https:\/\/thierryseguin.com\/fr\/wp-content\/uploads\/2019\/12\/19-11143-page\/cadeau-500.png","datePublished":"2016-08-16T21:49:01+00:00","dateModified":"2022-02-11T21:20:26+00:00","description":"Offrir un shooting photo en studio. Offrez un bon cadeau pour une s\u00e9ance photo en studio avec livre-album, agrandissement, etc...","breadcrumb":{"@id":"https:\/\/thierryseguin.com\/fr\/offrir-shooting-photo-studio\/#breadcrumb"},"inLanguage":"fr-FR","potentialAction":[{"@type":"ReadAction","target":["https:\/\/thierryseguin.com\/fr\/offrir-shooting-photo-studio\/"]}]},{"@type":"ImageObject","inLanguage":"fr-FR","@id":"https:\/\/thierryseguin.com\/fr\/offrir-shooting-photo-studio\/#primaryimage","url":"https:\/\/thierryseguin.com\/fr\/wp-content\/uploads\/2019\/12\/19-11143-page\/cadeau-500.png","contentUrl":"https:\/\/thierryseguin.com\/fr\/wp-content\/uploads\/2019\/12\/19-11143-page\/cadeau-500.png","width":500,"height":500,"caption":"Bon cadeau s\u00e9ance photo"},{"@type":"BreadcrumbList","@id":"https:\/\/thierryseguin.com\/fr\/offrir-shooting-photo-studio\/#breadcrumb","itemListElement":[{"@type":"ListItem","position":1,"name":"Accueil","item":"https:\/\/thierryseguin.com\/fr\/"},{"@type":"ListItem","position":2,"name":"Offrir un shooting photo en studio"}]},{"@type":"WebSite","@id":"https:\/\/thierryseguin.com\/fr\/#website","url":"https:\/\/thierryseguin.com\/fr\/","name":"Thierry Seguin Photographie","description":"Photographe de Portrait de Famille, Grossesse, B\u00e9b\u00e9s, Mariage","potentialAction":[{"@type":"SearchAction","target":{"@type":"EntryPoint","urlTemplate":"https:\/\/thierryseguin.com\/fr\/?s={search_term_string}"},"query-input":{"@type":"PropertyValueSpecification","valueRequired":true,"valueName":"search_term_string"}}],"inLanguage":"fr-FR"}]}},"_links":{"self":[{"href":"https:\/\/thierryseguin.com\/fr\/wp-json\/wp\/v2\/pages\/11143","targetHints":{"allow":["GET"]}}],"collection":[{"href":"https:\/\/thierryseguin.com\/fr\/wp-json\/wp\/v2\/pages"}],"about":[{"href":"https:\/\/thierryseguin.com\/fr\/wp-json\/wp\/v2\/types\/page"}],"author":[{"embeddable":true,"href":"https:\/\/thierryseguin.com\/fr\/wp-json\/wp\/v2\/users\/1"}],"replies":[{"embeddable":true,"href":"https:\/\/thierryseguin.com\/fr\/wp-json\/wp\/v2\/comments?post=11143"}],"version-history":[{"count":14,"href":"https:\/\/thierryseguin.com\/fr\/wp-json\/wp\/v2\/pages\/11143\/revisions"}],"predecessor-version":[{"id":24436,"href":"https:\/\/thierryseguin.com\/fr\/wp-json\/wp\/v2\/pages\/11143\/revisions\/24436"}],"wp:featuredmedia":[{"embeddable":true,"href":"https:\/\/thierryseguin.com\/fr\/wp-json\/wp\/v2\/media\/16286"}],"wp:attachment":[{"href":"https:\/\/thierryseguin.com\/fr\/wp-json\/wp\/v2\/media?parent=11143"}],"curies":[{"name":"wp","href":"https:\/\/api.w.org\/{rel}","templated":true}]}}