{"id":24068,"date":"2022-01-03T12:44:21","date_gmt":"2022-01-03T10:44:21","guid":{"rendered":"https:\/\/thierryseguin.com\/fr\/home\/"},"modified":"2022-01-25T11:37:50","modified_gmt":"2022-01-25T09:37:50","slug":"home","status":"publish","type":"page","link":"https:\/\/thierryseguin.com\/fr\/","title":{"rendered":"Accueil Studio shooting photo Thierry Seguin Photographie Versailles"},"content":{"rendered":"","protected":false},"excerpt":{"rendered":"","protected":false},"author":230,"featured_media":0,"parent":0,"menu_order":0,"comment_status":"closed","ping_status":"closed","template":"","meta":{"pp_embeds":"","footnotes":""},"class_list":["post-24068","page","type-page","status-publish","hentry"],"yoast_head":"<!-- This site is optimized with the Yoast SEO plugin v27.5 - https:\/\/yoast.com\/product\/yoast-seo-wordpress\/ -->\n<title>Accueil Studio shooting photo Thierry Seguin Photographie Versailles<\/title>\n<meta name=\"description\" content=\"Studio shooting photo - Versailles Viroflay Chaville Studio Thierry Seguin Photographie famille grossesse portrait identit\u00e9 b\u00e9b\u00e9\" \/>\n<meta name=\"robots\" content=\"index, follow, max-snippet:-1, max-image-preview:large, max-video-preview:-1\" \/>\n<link rel=\"canonical\" href=\"https:\/\/thierryseguin.com\/fr\/\" \/>\n<meta property=\"og:locale\" content=\"fr_FR\" \/>\n<meta property=\"og:type\" content=\"article\" \/>\n<meta property=\"og:title\" content=\"Accueil Studio shooting photo Thierry Seguin Photographie Versailles\" \/>\n<meta property=\"og:description\" content=\"Studio shooting photo - Versailles Viroflay Chaville Studio Thierry Seguin Photographie famille grossesse portrait identit\u00e9 b\u00e9b\u00e9\" \/>\n<meta property=\"og:url\" content=\"https:\/\/thierryseguin.com\/fr\/\" \/>\n<meta property=\"og:site_name\" content=\"Thierry Seguin Photographie\" \/>\n<meta property=\"article:publisher\" content=\"https:\/\/www.facebook.com\/ThierrySeguinPhotographie\" \/>\n<meta property=\"article:modified_time\" content=\"2022-01-25T09:37:50+00:00\" \/>\n<meta name=\"twitter:card\" content=\"summary_large_image\" \/>\n<meta name=\"twitter:site\" content=\"@thierry_seguin\" \/>\n<script type=\"application\/ld+json\" class=\"yoast-schema-graph\">{\"@context\":\"https:\\\/\\\/schema.org\",\"@graph\":[{\"@type\":\"WebPage\",\"@id\":\"https:\\\/\\\/thierryseguin.com\\\/fr\\\/\",\"url\":\"https:\\\/\\\/thierryseguin.com\\\/fr\\\/\",\"name\":\"Accueil Studio shooting photo Thierry Seguin Photographie Versailles\",\"isPartOf\":{\"@id\":\"https:\\\/\\\/thierryseguin.com\\\/fr\\\/#website\"},\"datePublished\":\"2022-01-03T10:44:21+00:00\",\"dateModified\":\"2022-01-25T09:37:50+00:00\",\"description\":\"Studio shooting photo - Versailles Viroflay Chaville Studio Thierry Seguin Photographie famille grossesse portrait identit\u00e9 b\u00e9b\u00e9\",\"breadcrumb\":{\"@id\":\"https:\\\/\\\/thierryseguin.com\\\/fr\\\/#breadcrumb\"},\"inLanguage\":\"fr-FR\",\"potentialAction\":[{\"@type\":\"ReadAction\",\"target\":[\"https:\\\/\\\/thierryseguin.com\\\/fr\\\/\"]}]},{\"@type\":\"BreadcrumbList\",\"@id\":\"https:\\\/\\\/thierryseguin.com\\\/fr\\\/#breadcrumb\",\"itemListElement\":[{\"@type\":\"ListItem\",\"position\":1,\"name\":\"Accueil\",\"item\":\"https:\\\/\\\/thierryseguin.com\\\/fr\\\/\"},{\"@type\":\"ListItem\",\"position\":2,\"name\":\"Accueil Studio shooting photo Thierry Seguin Photographie Versailles\"}]},{\"@type\":\"WebSite\",\"@id\":\"https:\\\/\\\/thierryseguin.com\\\/fr\\\/#website\",\"url\":\"https:\\\/\\\/thierryseguin.com\\\/fr\\\/\",\"name\":\"Thierry Seguin Photographie\",\"description\":\"Photographe de Portrait de Famille, Grossesse, B\u00e9b\u00e9s, Mariage\",\"potentialAction\":[{\"@type\":\"SearchAction\",\"target\":{\"@type\":\"EntryPoint\",\"urlTemplate\":\"https:\\\/\\\/thierryseguin.com\\\/fr\\\/?s={search_term_string}\"},\"query-input\":{\"@type\":\"PropertyValueSpecification\",\"valueRequired\":true,\"valueName\":\"search_term_string\"}}],\"inLanguage\":\"fr-FR\"}]}<\/script>\n<!-- \/ Yoast SEO plugin. -->","yoast_head_json":{"title":"Accueil Studio shooting photo Thierry Seguin Photographie Versailles","description":"Studio shooting photo - Versailles Viroflay Chaville Studio Thierry Seguin Photographie famille grossesse portrait identit\u00e9 b\u00e9b\u00e9","robots":{"index":"index","follow":"follow","max-snippet":"max-snippet:-1","max-image-preview":"max-image-preview:large","max-video-preview":"max-video-preview:-1"},"canonical":"https:\/\/thierryseguin.com\/fr\/","og_locale":"fr_FR","og_type":"article","og_title":"Accueil Studio shooting photo Thierry Seguin Photographie Versailles","og_description":"Studio shooting photo - Versailles Viroflay Chaville Studio Thierry Seguin Photographie famille grossesse portrait identit\u00e9 b\u00e9b\u00e9","og_url":"https:\/\/thierryseguin.com\/fr\/","og_site_name":"Thierry Seguin Photographie","article_publisher":"https:\/\/www.facebook.com\/ThierrySeguinPhotographie","article_modified_time":"2022-01-25T09:37:50+00:00","twitter_card":"summary_large_image","twitter_site":"@thierry_seguin","schema":{"@context":"https:\/\/schema.org","@graph":[{"@type":"WebPage","@id":"https:\/\/thierryseguin.com\/fr\/","url":"https:\/\/thierryseguin.com\/fr\/","name":"Accueil Studio shooting photo Thierry Seguin Photographie Versailles","isPartOf":{"@id":"https:\/\/thierryseguin.com\/fr\/#website"},"datePublished":"2022-01-03T10:44:21+00:00","dateModified":"2022-01-25T09:37:50+00:00","description":"Studio shooting photo - Versailles Viroflay Chaville Studio Thierry Seguin Photographie famille grossesse portrait identit\u00e9 b\u00e9b\u00e9","breadcrumb":{"@id":"https:\/\/thierryseguin.com\/fr\/#breadcrumb"},"inLanguage":"fr-FR","potentialAction":[{"@type":"ReadAction","target":["https:\/\/thierryseguin.com\/fr\/"]}]},{"@type":"BreadcrumbList","@id":"https:\/\/thierryseguin.com\/fr\/#breadcrumb","itemListElement":[{"@type":"ListItem","position":1,"name":"Accueil","item":"https:\/\/thierryseguin.com\/fr\/"},{"@type":"ListItem","position":2,"name":"Accueil Studio shooting photo Thierry Seguin Photographie Versailles"}]},{"@type":"WebSite","@id":"https:\/\/thierryseguin.com\/fr\/#website","url":"https:\/\/thierryseguin.com\/fr\/","name":"Thierry Seguin Photographie","description":"Photographe de Portrait de Famille, Grossesse, B\u00e9b\u00e9s, Mariage","potentialAction":[{"@type":"SearchAction","target":{"@type":"EntryPoint","urlTemplate":"https:\/\/thierryseguin.com\/fr\/?s={search_term_string}"},"query-input":{"@type":"PropertyValueSpecification","valueRequired":true,"valueName":"search_term_string"}}],"inLanguage":"fr-FR"}]}},"_links":{"self":[{"href":"https:\/\/thierryseguin.com\/fr\/wp-json\/wp\/v2\/pages\/24068","targetHints":{"allow":["GET"]}}],"collection":[{"href":"https:\/\/thierryseguin.com\/fr\/wp-json\/wp\/v2\/pages"}],"about":[{"href":"https:\/\/thierryseguin.com\/fr\/wp-json\/wp\/v2\/types\/page"}],"author":[{"embeddable":true,"href":"https:\/\/thierryseguin.com\/fr\/wp-json\/wp\/v2\/users\/230"}],"replies":[{"embeddable":true,"href":"https:\/\/thierryseguin.com\/fr\/wp-json\/wp\/v2\/comments?post=24068"}],"version-history":[{"count":2,"href":"https:\/\/thierryseguin.com\/fr\/wp-json\/wp\/v2\/pages\/24068\/revisions"}],"predecessor-version":[{"id":24211,"href":"https:\/\/thierryseguin.com\/fr\/wp-json\/wp\/v2\/pages\/24068\/revisions\/24211"}],"wp:attachment":[{"href":"https:\/\/thierryseguin.com\/fr\/wp-json\/wp\/v2\/media?parent=24068"}],"curies":[{"name":"wp","href":"https:\/\/api.w.org\/{rel}","templated":true}]}}